{"id":386,"date":"2022-01-24T21:12:39","date_gmt":"2022-01-24T20:12:39","guid":{"rendered":"https:\/\/www.electron-tubes.cz\/?post_type=product&#038;p=386"},"modified":"2022-01-25T15:18:56","modified_gmt":"2022-01-25T14:18:56","slug":"rd-5-xmf-rs3010cl-yd1160fl-br1196f","status":"publish","type":"product","link":"https:\/\/www.electron-tubes.cz\/en\/product\/rd-5-xmf-rs3010cl-yd1160fl-br1196f\/","title":{"rendered":"RD 5 XMF \/ RS3010CL \/ YD1160FL \/ BR1196F"},"content":{"rendered":"<!--themify_builder_content-->\n<div id=\"themify_builder_content-386\" data-postid=\"386\" class=\"themify_builder_content themify_builder_content-386 themify_builder tf_clear\">\n    <\/div>\n<!--\/themify_builder_content-->","protected":false},"excerpt":{"rendered":"<p>The RD 5 XMF is air cooled power triode with external anode, designed in ceramic - metal technology for frequences up to 150 MHz.<\/p>\n<p>The maximum anode dissipation rating is 5 kW.<\/p>\n<p>The RD 5 XMF is primarily intended for use as an power oscillator in industrial generators.<\/p>\n<p><a href=\"https:\/\/www.electron-tubes.cz\/wp-content\/uploads\/2022\/01\/RD5XMF-TESLA.pdf\" target=\"_blank\" rel=\"noopener\">Datasheet RD5XMF &#8211; (TESLA)<\/a><\/p>","protected":false},"featured_media":389,"template":"","meta":[],"product_brand":[],"product_cat":[23,24],"product_tag":[],"class_list":{"0":"post-386","1":"product","2":"type-product","3":"status-publish","4":"has-post-thumbnail","6":"product_cat-elektronky","7":"product_cat-prumyslove-elektronky","8":"has-post-title","9":"has-post-date","10":"has-post-category","11":"has-post-tag","12":"has-post-comment","13":"has-post-author","14":"","16":"first","17":"onbackorder","18":"virtual","19":"purchasable","20":"product-type-simple"},"yoast_head":"<!-- This site is optimized with the Yoast SEO plugin v27.6 - https:\/\/yoast.com\/product\/yoast-seo-wordpress\/ -->\n<title>RD 5 XMF \/ RS3010CL \/ YD1160FL \/ BR1196F - Electron Tubes<\/title>\n<meta name=\"robots\" content=\"index, follow, max-snippet:-1, max-image-preview:large, max-video-preview:-1\" \/>\n<link rel=\"canonical\" href=\"http:\/\/www.electron-tubes.cz\/en\/product\/rd-5-xmf-rs3010cl-yd1160fl-br1196f\/\" \/>\n<meta property=\"og:locale\" content=\"en_US\" \/>\n<meta property=\"og:type\" content=\"article\" \/>\n<meta property=\"og:title\" content=\"RD 5 XMF \/ RS3010CL \/ YD1160FL \/ BR1196F - Electron Tubes\" \/>\n<meta property=\"og:description\" content=\"RD 5 XMF je vzduchem chlazen\u00e1 v\u00fdkonov\u00e1 trioda s extern\u00ed anodou, navr\u017een\u00e1 technologi\u00ed keramika-kov pro frekvence do 150 MHz.  Maxim\u00e1ln\u00ed v\u00fdkon rozpt\u00fdlen\u00fd na anod\u011b je 5 kW.  RD 5 XMF je prim\u00e1rn\u011b ur\u010dena pro pou\u017eit\u00ed jako v\u00fdkonov\u00fd oscil\u00e1tor v pr\u016fmyslov\u00fdch gener\u00e1torech  Datasheet RD5XMF - (TESLA)\" \/>\n<meta property=\"og:url\" content=\"http:\/\/www.electron-tubes.cz\/en\/product\/rd-5-xmf-rs3010cl-yd1160fl-br1196f\/\" \/>\n<meta property=\"og:site_name\" content=\"Electron Tubes\" \/>\n<meta property=\"article:publisher\" content=\"https:\/\/www.facebook.com\/tesla.electrontubes\" \/>\n<meta property=\"article:modified_time\" content=\"2022-01-25T14:18:56+00:00\" \/>\n<meta property=\"og:image\" content=\"https:\/\/www.electron-tubes.cz\/wp-content\/uploads\/2022\/01\/RD-5-XMF.png\" \/>\n\t<meta property=\"og:image:width\" content=\"439\" \/>\n\t<meta property=\"og:image:height\" content=\"658\" \/>\n\t<meta property=\"og:image:type\" content=\"image\/png\" \/>\n<meta name=\"twitter:card\" content=\"summary_large_image\" \/>\n<script type=\"application\/ld+json\" class=\"yoast-schema-graph\">{\"@context\":\"https:\\\/\\\/schema.org\",\"@graph\":[{\"@type\":\"WebPage\",\"@id\":\"http:\\\/\\\/www.electron-tubes.cz\\\/en\\\/product\\\/rd-5-xmf-rs3010cl-yd1160fl-br1196f\\\/\",\"url\":\"http:\\\/\\\/www.electron-tubes.cz\\\/en\\\/product\\\/rd-5-xmf-rs3010cl-yd1160fl-br1196f\\\/\",\"name\":\"RD 5 XMF \\\/ RS3010CL \\\/ YD1160FL \\\/ BR1196F - Electron Tubes\",\"isPartOf\":{\"@id\":\"https:\\\/\\\/www.electron-tubes.cz\\\/#website\"},\"primaryImageOfPage\":{\"@id\":\"http:\\\/\\\/www.electron-tubes.cz\\\/en\\\/product\\\/rd-5-xmf-rs3010cl-yd1160fl-br1196f\\\/#primaryimage\"},\"image\":{\"@id\":\"http:\\\/\\\/www.electron-tubes.cz\\\/en\\\/product\\\/rd-5-xmf-rs3010cl-yd1160fl-br1196f\\\/#primaryimage\"},\"thumbnailUrl\":\"https:\\\/\\\/www.electron-tubes.cz\\\/wp-content\\\/uploads\\\/2022\\\/01\\\/RD-5-XMF.png\",\"datePublished\":\"2022-01-24T20:12:39+00:00\",\"dateModified\":\"2022-01-25T14:18:56+00:00\",\"breadcrumb\":{\"@id\":\"http:\\\/\\\/www.electron-tubes.cz\\\/en\\\/product\\\/rd-5-xmf-rs3010cl-yd1160fl-br1196f\\\/#breadcrumb\"},\"inLanguage\":\"en-US\",\"potentialAction\":[{\"@type\":\"ReadAction\",\"target\":[\"http:\\\/\\\/www.electron-tubes.cz\\\/en\\\/product\\\/rd-5-xmf-rs3010cl-yd1160fl-br1196f\\\/\"]}]},{\"@type\":\"ImageObject\",\"inLanguage\":\"en-US\",\"@id\":\"http:\\\/\\\/www.electron-tubes.cz\\\/en\\\/product\\\/rd-5-xmf-rs3010cl-yd1160fl-br1196f\\\/#primaryimage\",\"url\":\"https:\\\/\\\/www.electron-tubes.cz\\\/wp-content\\\/uploads\\\/2022\\\/01\\\/RD-5-XMF.png\",\"contentUrl\":\"https:\\\/\\\/www.electron-tubes.cz\\\/wp-content\\\/uploads\\\/2022\\\/01\\\/RD-5-XMF.png\",\"width\":439,\"height\":658},{\"@type\":\"BreadcrumbList\",\"@id\":\"http:\\\/\\\/www.electron-tubes.cz\\\/en\\\/product\\\/rd-5-xmf-rs3010cl-yd1160fl-br1196f\\\/#breadcrumb\",\"itemListElement\":[{\"@type\":\"ListItem\",\"position\":1,\"name\":\"Dom\u016f\",\"item\":\"https:\\\/\\\/www.electron-tubes.cz\\\/en\\\/\"},{\"@type\":\"ListItem\",\"position\":2,\"name\":\"Produkty\",\"item\":\"https:\\\/\\\/www.electron-tubes.cz\\\/shop\\\/\"},{\"@type\":\"ListItem\",\"position\":3,\"name\":\"RD 5 XMF \\\/ RS3010CL \\\/ YD1160FL \\\/ BR1196F\"}]},{\"@type\":\"WebSite\",\"@id\":\"https:\\\/\\\/www.electron-tubes.cz\\\/#website\",\"url\":\"https:\\\/\\\/www.electron-tubes.cz\\\/\",\"name\":\"Electron Tubes\",\"description\":\"Tesla Electron Tubes - pr\u016fmyslov\u00e9 elektronky a p\u0159\u00edslu\u0161enstv\u00ed k nim\",\"publisher\":{\"@id\":\"https:\\\/\\\/www.electron-tubes.cz\\\/#organization\"},\"potentialAction\":[{\"@type\":\"SearchAction\",\"target\":{\"@type\":\"EntryPoint\",\"urlTemplate\":\"https:\\\/\\\/www.electron-tubes.cz\\\/?s={search_term_string}\"},\"query-input\":{\"@type\":\"PropertyValueSpecification\",\"valueRequired\":true,\"valueName\":\"search_term_string\"}}],\"inLanguage\":\"en-US\"},{\"@type\":\"Organization\",\"@id\":\"https:\\\/\\\/www.electron-tubes.cz\\\/#organization\",\"name\":\"Tesla Electrontubes s.r.o.\",\"url\":\"https:\\\/\\\/www.electron-tubes.cz\\\/\",\"logo\":{\"@type\":\"ImageObject\",\"inLanguage\":\"en-US\",\"@id\":\"https:\\\/\\\/www.electron-tubes.cz\\\/#\\\/schema\\\/logo\\\/image\\\/\",\"url\":\"https:\\\/\\\/www.electron-tubes.cz\\\/wp-content\\\/uploads\\\/2022\\\/02\\\/new-logo.png\",\"contentUrl\":\"https:\\\/\\\/www.electron-tubes.cz\\\/wp-content\\\/uploads\\\/2022\\\/02\\\/new-logo.png\",\"width\":196,\"height\":61,\"caption\":\"Tesla Electrontubes s.r.o.\"},\"image\":{\"@id\":\"https:\\\/\\\/www.electron-tubes.cz\\\/#\\\/schema\\\/logo\\\/image\\\/\"},\"sameAs\":[\"https:\\\/\\\/www.facebook.com\\\/tesla.electrontubes\"]}]}<\/script>\n<!-- \/ Yoast SEO plugin. -->","yoast_head_json":{"title":"RD 5 XMF \/ RS3010CL \/ YD1160FL \/ BR1196F - Electron Tubes","robots":{"index":"index","follow":"follow","max-snippet":"max-snippet:-1","max-image-preview":"max-image-preview:large","max-video-preview":"max-video-preview:-1"},"canonical":"http:\/\/www.electron-tubes.cz\/en\/product\/rd-5-xmf-rs3010cl-yd1160fl-br1196f\/","og_locale":"en_US","og_type":"article","og_title":"RD 5 XMF \/ RS3010CL \/ YD1160FL \/ BR1196F - Electron Tubes","og_description":"RD 5 XMF je vzduchem chlazen\u00e1 v\u00fdkonov\u00e1 trioda s extern\u00ed anodou, navr\u017een\u00e1 technologi\u00ed keramika-kov pro frekvence do 150 MHz.  Maxim\u00e1ln\u00ed v\u00fdkon rozpt\u00fdlen\u00fd na anod\u011b je 5 kW.  RD 5 XMF je prim\u00e1rn\u011b ur\u010dena pro pou\u017eit\u00ed jako v\u00fdkonov\u00fd oscil\u00e1tor v pr\u016fmyslov\u00fdch gener\u00e1torech  Datasheet RD5XMF - (TESLA)","og_url":"http:\/\/www.electron-tubes.cz\/en\/product\/rd-5-xmf-rs3010cl-yd1160fl-br1196f\/","og_site_name":"Electron Tubes","article_publisher":"https:\/\/www.facebook.com\/tesla.electrontubes","article_modified_time":"2022-01-25T14:18:56+00:00","og_image":[{"width":439,"height":658,"url":"https:\/\/www.electron-tubes.cz\/wp-content\/uploads\/2022\/01\/RD-5-XMF.png","type":"image\/png"}],"twitter_card":"summary_large_image","schema":{"@context":"https:\/\/schema.org","@graph":[{"@type":"WebPage","@id":"http:\/\/www.electron-tubes.cz\/en\/product\/rd-5-xmf-rs3010cl-yd1160fl-br1196f\/","url":"http:\/\/www.electron-tubes.cz\/en\/product\/rd-5-xmf-rs3010cl-yd1160fl-br1196f\/","name":"RD 5 XMF \/ RS3010CL \/ YD1160FL \/ BR1196F - Electron Tubes","isPartOf":{"@id":"https:\/\/www.electron-tubes.cz\/#website"},"primaryImageOfPage":{"@id":"http:\/\/www.electron-tubes.cz\/en\/product\/rd-5-xmf-rs3010cl-yd1160fl-br1196f\/#primaryimage"},"image":{"@id":"http:\/\/www.electron-tubes.cz\/en\/product\/rd-5-xmf-rs3010cl-yd1160fl-br1196f\/#primaryimage"},"thumbnailUrl":"https:\/\/www.electron-tubes.cz\/wp-content\/uploads\/2022\/01\/RD-5-XMF.png","datePublished":"2022-01-24T20:12:39+00:00","dateModified":"2022-01-25T14:18:56+00:00","breadcrumb":{"@id":"http:\/\/www.electron-tubes.cz\/en\/product\/rd-5-xmf-rs3010cl-yd1160fl-br1196f\/#breadcrumb"},"inLanguage":"en-US","potentialAction":[{"@type":"ReadAction","target":["http:\/\/www.electron-tubes.cz\/en\/product\/rd-5-xmf-rs3010cl-yd1160fl-br1196f\/"]}]},{"@type":"ImageObject","inLanguage":"en-US","@id":"http:\/\/www.electron-tubes.cz\/en\/product\/rd-5-xmf-rs3010cl-yd1160fl-br1196f\/#primaryimage","url":"https:\/\/www.electron-tubes.cz\/wp-content\/uploads\/2022\/01\/RD-5-XMF.png","contentUrl":"https:\/\/www.electron-tubes.cz\/wp-content\/uploads\/2022\/01\/RD-5-XMF.png","width":439,"height":658},{"@type":"BreadcrumbList","@id":"http:\/\/www.electron-tubes.cz\/en\/product\/rd-5-xmf-rs3010cl-yd1160fl-br1196f\/#breadcrumb","itemListElement":[{"@type":"ListItem","position":1,"name":"Dom\u016f","item":"https:\/\/www.electron-tubes.cz\/en\/"},{"@type":"ListItem","position":2,"name":"Produkty","item":"https:\/\/www.electron-tubes.cz\/shop\/"},{"@type":"ListItem","position":3,"name":"RD 5 XMF \/ RS3010CL \/ YD1160FL \/ BR1196F"}]},{"@type":"WebSite","@id":"https:\/\/www.electron-tubes.cz\/#website","url":"https:\/\/www.electron-tubes.cz\/","name":"Electron Tubes","description":"Tesla Electron Tubes - pr\u016fmyslov\u00e9 elektronky a p\u0159\u00edslu\u0161enstv\u00ed k nim","publisher":{"@id":"https:\/\/www.electron-tubes.cz\/#organization"},"potentialAction":[{"@type":"SearchAction","target":{"@type":"EntryPoint","urlTemplate":"https:\/\/www.electron-tubes.cz\/?s={search_term_string}"},"query-input":{"@type":"PropertyValueSpecification","valueRequired":true,"valueName":"search_term_string"}}],"inLanguage":"en-US"},{"@type":"Organization","@id":"https:\/\/www.electron-tubes.cz\/#organization","name":"Tesla Electrontubes s.r.o.","url":"https:\/\/www.electron-tubes.cz\/","logo":{"@type":"ImageObject","inLanguage":"en-US","@id":"https:\/\/www.electron-tubes.cz\/#\/schema\/logo\/image\/","url":"https:\/\/www.electron-tubes.cz\/wp-content\/uploads\/2022\/02\/new-logo.png","contentUrl":"https:\/\/www.electron-tubes.cz\/wp-content\/uploads\/2022\/02\/new-logo.png","width":196,"height":61,"caption":"Tesla Electrontubes s.r.o."},"image":{"@id":"https:\/\/www.electron-tubes.cz\/#\/schema\/logo\/image\/"},"sameAs":["https:\/\/www.facebook.com\/tesla.electrontubes"]}]}},"builder_content":"","_links":{"self":[{"href":"https:\/\/www.electron-tubes.cz\/en\/wp-json\/wp\/v2\/product\/386","targetHints":{"allow":["GET"]}}],"collection":[{"href":"https:\/\/www.electron-tubes.cz\/en\/wp-json\/wp\/v2\/product"}],"about":[{"href":"https:\/\/www.electron-tubes.cz\/en\/wp-json\/wp\/v2\/types\/product"}],"wp:featuredmedia":[{"embeddable":true,"href":"https:\/\/www.electron-tubes.cz\/en\/wp-json\/wp\/v2\/media\/389"}],"wp:attachment":[{"href":"https:\/\/www.electron-tubes.cz\/en\/wp-json\/wp\/v2\/media?parent=386"}],"wp:term":[{"taxonomy":"product_brand","embeddable":true,"href":"https:\/\/www.electron-tubes.cz\/en\/wp-json\/wp\/v2\/product_brand?post=386"},{"taxonomy":"product_cat","embeddable":true,"href":"https:\/\/www.electron-tubes.cz\/en\/wp-json\/wp\/v2\/product_cat?post=386"},{"taxonomy":"product_tag","embeddable":true,"href":"https:\/\/www.electron-tubes.cz\/en\/wp-json\/wp\/v2\/product_tag?post=386"}],"curies":[{"name":"wp","href":"https:\/\/api.w.org\/{rel}","templated":true}]}}