{"id":402,"date":"2022-01-24T21:20:26","date_gmt":"2022-01-24T20:20:26","guid":{"rendered":"https:\/\/www.electron-tubes.cz\/?post_type=product&#038;p=402"},"modified":"2022-01-25T15:17:38","modified_gmt":"2022-01-25T14:17:38","slug":"rd-12-zmf-itk-12-1","status":"publish","type":"product","link":"https:\/\/www.electron-tubes.cz\/en\/product\/rd-12-zmf-itk-12-1\/","title":{"rendered":"RD 12 ZMF \/ ITK 12-1"},"content":{"rendered":"<!--themify_builder_content-->\n<div id=\"themify_builder_content-402\" data-postid=\"402\" class=\"themify_builder_content themify_builder_content-402 themify_builder tf_clear\">\n    <\/div>\n<!--\/themify_builder_content-->","protected":false},"excerpt":{"rendered":"<p>RD 12 ZMF is water-cooled triode, made by metal-ceramic technology. This electron tube is intended for industrial generators up to 120 MHz. Application \u2013 RF heating,  welding, hardening or gluing.<\/p>\n<p>Maximum plate dissipation can be 15 kW. Output power is 40 kW in CW mode.<\/p>\n<p><a href=\"https:\/\/www.electron-tubes.cz\/wp-content\/uploads\/2022\/01\/RD12ZMF-ITK12-1-TESLA.pdf\" target=\"_blank\" rel=\"noopener\">Datasheet RD12ZMF &#8211; ITK12-1 (TESLA)<\/a><\/p>","protected":false},"featured_media":38,"template":"","meta":[],"product_brand":[],"product_cat":[23,24],"product_tag":[],"class_list":{"0":"post-402","1":"product","2":"type-product","3":"status-publish","4":"has-post-thumbnail","6":"product_cat-elektronky","7":"product_cat-prumyslove-elektronky","8":"has-post-title","9":"has-post-date","10":"has-post-category","11":"has-post-tag","12":"has-post-comment","13":"has-post-author","14":"","16":"first","17":"onbackorder","18":"virtual","19":"purchasable","20":"product-type-simple"},"yoast_head":"<!-- This site is optimized with the Yoast SEO plugin v27.6 - https:\/\/yoast.com\/product\/yoast-seo-wordpress\/ -->\n<title>RD 12 ZMF \/ ITK 12-1 - Electron Tubes<\/title>\n<meta name=\"robots\" content=\"index, follow, max-snippet:-1, max-image-preview:large, max-video-preview:-1\" \/>\n<link rel=\"canonical\" href=\"http:\/\/www.electron-tubes.cz\/en\/product\/rd-12-zmf-itk-12-1\/\" \/>\n<meta property=\"og:locale\" content=\"en_US\" \/>\n<meta property=\"og:type\" content=\"article\" \/>\n<meta property=\"og:title\" content=\"RD 12 ZMF \/ ITK 12-1 - Electron Tubes\" \/>\n<meta property=\"og:description\" content=\"RD 12 ZMF je vodou chlazen\u00e1 trioda, vyroben\u00e1 metalo-keramickou technologi\u00ed. Tato elektronka je ur\u010dena pro pr\u016fmyslov\u00e9 gener\u00e1tory do 120 MHz. Pou\u017eit\u00ed \u2013 RF oh\u0159ev, sva\u0159ov\u00e1n\u00ed, kalen\u00ed nebo lepen\u00ed.  Maxim\u00e1ln\u00ed v\u00fdkon rozpt\u00fdlen\u00fd na anod\u011b je 15 kW. V\u00fdstupn\u00ed v\u00fdkon je 40 kW v re\u017eimu CW.  Datasheet RD12ZMF - ITK12-1 (TESLA)\" \/>\n<meta property=\"og:url\" content=\"http:\/\/www.electron-tubes.cz\/en\/product\/rd-12-zmf-itk-12-1\/\" \/>\n<meta property=\"og:site_name\" content=\"Electron Tubes\" \/>\n<meta property=\"article:publisher\" content=\"https:\/\/www.facebook.com\/tesla.electrontubes\" \/>\n<meta property=\"article:modified_time\" content=\"2022-01-25T14:17:38+00:00\" \/>\n<meta property=\"og:image\" content=\"https:\/\/www.electron-tubes.cz\/wp-content\/uploads\/2021\/11\/RD-12-ZMF-b.jpg\" \/>\n\t<meta property=\"og:image:width\" content=\"840\" \/>\n\t<meta property=\"og:image:height\" content=\"1120\" \/>\n\t<meta property=\"og:image:type\" content=\"image\/jpeg\" \/>\n<meta name=\"twitter:card\" content=\"summary_large_image\" \/>\n<script type=\"application\/ld+json\" class=\"yoast-schema-graph\">{\"@context\":\"https:\\\/\\\/schema.org\",\"@graph\":[{\"@type\":\"WebPage\",\"@id\":\"http:\\\/\\\/www.electron-tubes.cz\\\/en\\\/product\\\/rd-12-zmf-itk-12-1\\\/\",\"url\":\"http:\\\/\\\/www.electron-tubes.cz\\\/en\\\/product\\\/rd-12-zmf-itk-12-1\\\/\",\"name\":\"RD 12 ZMF \\\/ ITK 12-1 - Electron Tubes\",\"isPartOf\":{\"@id\":\"https:\\\/\\\/www.electron-tubes.cz\\\/#website\"},\"primaryImageOfPage\":{\"@id\":\"http:\\\/\\\/www.electron-tubes.cz\\\/en\\\/product\\\/rd-12-zmf-itk-12-1\\\/#primaryimage\"},\"image\":{\"@id\":\"http:\\\/\\\/www.electron-tubes.cz\\\/en\\\/product\\\/rd-12-zmf-itk-12-1\\\/#primaryimage\"},\"thumbnailUrl\":\"https:\\\/\\\/www.electron-tubes.cz\\\/wp-content\\\/uploads\\\/2021\\\/11\\\/RD-12-ZMF-b.jpg\",\"datePublished\":\"2022-01-24T20:20:26+00:00\",\"dateModified\":\"2022-01-25T14:17:38+00:00\",\"breadcrumb\":{\"@id\":\"http:\\\/\\\/www.electron-tubes.cz\\\/en\\\/product\\\/rd-12-zmf-itk-12-1\\\/#breadcrumb\"},\"inLanguage\":\"en-US\",\"potentialAction\":[{\"@type\":\"ReadAction\",\"target\":[\"http:\\\/\\\/www.electron-tubes.cz\\\/en\\\/product\\\/rd-12-zmf-itk-12-1\\\/\"]}]},{\"@type\":\"ImageObject\",\"inLanguage\":\"en-US\",\"@id\":\"http:\\\/\\\/www.electron-tubes.cz\\\/en\\\/product\\\/rd-12-zmf-itk-12-1\\\/#primaryimage\",\"url\":\"https:\\\/\\\/www.electron-tubes.cz\\\/wp-content\\\/uploads\\\/2021\\\/11\\\/RD-12-ZMF-b.jpg\",\"contentUrl\":\"https:\\\/\\\/www.electron-tubes.cz\\\/wp-content\\\/uploads\\\/2021\\\/11\\\/RD-12-ZMF-b.jpg\",\"width\":840,\"height\":1120},{\"@type\":\"BreadcrumbList\",\"@id\":\"http:\\\/\\\/www.electron-tubes.cz\\\/en\\\/product\\\/rd-12-zmf-itk-12-1\\\/#breadcrumb\",\"itemListElement\":[{\"@type\":\"ListItem\",\"position\":1,\"name\":\"Dom\u016f\",\"item\":\"https:\\\/\\\/www.electron-tubes.cz\\\/en\\\/\"},{\"@type\":\"ListItem\",\"position\":2,\"name\":\"Produkty\",\"item\":\"https:\\\/\\\/www.electron-tubes.cz\\\/shop\\\/\"},{\"@type\":\"ListItem\",\"position\":3,\"name\":\"RD 12 ZMF \\\/ ITK 12-1\"}]},{\"@type\":\"WebSite\",\"@id\":\"https:\\\/\\\/www.electron-tubes.cz\\\/#website\",\"url\":\"https:\\\/\\\/www.electron-tubes.cz\\\/\",\"name\":\"Electron Tubes\",\"description\":\"Tesla Electron Tubes - pr\u016fmyslov\u00e9 elektronky a p\u0159\u00edslu\u0161enstv\u00ed k nim\",\"publisher\":{\"@id\":\"https:\\\/\\\/www.electron-tubes.cz\\\/#organization\"},\"potentialAction\":[{\"@type\":\"SearchAction\",\"target\":{\"@type\":\"EntryPoint\",\"urlTemplate\":\"https:\\\/\\\/www.electron-tubes.cz\\\/?s={search_term_string}\"},\"query-input\":{\"@type\":\"PropertyValueSpecification\",\"valueRequired\":true,\"valueName\":\"search_term_string\"}}],\"inLanguage\":\"en-US\"},{\"@type\":\"Organization\",\"@id\":\"https:\\\/\\\/www.electron-tubes.cz\\\/#organization\",\"name\":\"Tesla Electrontubes s.r.o.\",\"url\":\"https:\\\/\\\/www.electron-tubes.cz\\\/\",\"logo\":{\"@type\":\"ImageObject\",\"inLanguage\":\"en-US\",\"@id\":\"https:\\\/\\\/www.electron-tubes.cz\\\/#\\\/schema\\\/logo\\\/image\\\/\",\"url\":\"https:\\\/\\\/www.electron-tubes.cz\\\/wp-content\\\/uploads\\\/2022\\\/02\\\/new-logo.png\",\"contentUrl\":\"https:\\\/\\\/www.electron-tubes.cz\\\/wp-content\\\/uploads\\\/2022\\\/02\\\/new-logo.png\",\"width\":196,\"height\":61,\"caption\":\"Tesla Electrontubes s.r.o.\"},\"image\":{\"@id\":\"https:\\\/\\\/www.electron-tubes.cz\\\/#\\\/schema\\\/logo\\\/image\\\/\"},\"sameAs\":[\"https:\\\/\\\/www.facebook.com\\\/tesla.electrontubes\"]}]}<\/script>\n<!-- \/ Yoast SEO plugin. -->","yoast_head_json":{"title":"RD 12 ZMF \/ ITK 12-1 - Electron Tubes","robots":{"index":"index","follow":"follow","max-snippet":"max-snippet:-1","max-image-preview":"max-image-preview:large","max-video-preview":"max-video-preview:-1"},"canonical":"http:\/\/www.electron-tubes.cz\/en\/product\/rd-12-zmf-itk-12-1\/","og_locale":"en_US","og_type":"article","og_title":"RD 12 ZMF \/ ITK 12-1 - Electron Tubes","og_description":"RD 12 ZMF je vodou chlazen\u00e1 trioda, vyroben\u00e1 metalo-keramickou technologi\u00ed. Tato elektronka je ur\u010dena pro pr\u016fmyslov\u00e9 gener\u00e1tory do 120 MHz. Pou\u017eit\u00ed \u2013 RF oh\u0159ev, sva\u0159ov\u00e1n\u00ed, kalen\u00ed nebo lepen\u00ed.  Maxim\u00e1ln\u00ed v\u00fdkon rozpt\u00fdlen\u00fd na anod\u011b je 15 kW. V\u00fdstupn\u00ed v\u00fdkon je 40 kW v re\u017eimu CW.  Datasheet RD12ZMF - ITK12-1 (TESLA)","og_url":"http:\/\/www.electron-tubes.cz\/en\/product\/rd-12-zmf-itk-12-1\/","og_site_name":"Electron Tubes","article_publisher":"https:\/\/www.facebook.com\/tesla.electrontubes","article_modified_time":"2022-01-25T14:17:38+00:00","og_image":[{"width":840,"height":1120,"url":"https:\/\/www.electron-tubes.cz\/wp-content\/uploads\/2021\/11\/RD-12-ZMF-b.jpg","type":"image\/jpeg"}],"twitter_card":"summary_large_image","schema":{"@context":"https:\/\/schema.org","@graph":[{"@type":"WebPage","@id":"http:\/\/www.electron-tubes.cz\/en\/product\/rd-12-zmf-itk-12-1\/","url":"http:\/\/www.electron-tubes.cz\/en\/product\/rd-12-zmf-itk-12-1\/","name":"RD 12 ZMF \/ ITK 12-1 - Electron Tubes","isPartOf":{"@id":"https:\/\/www.electron-tubes.cz\/#website"},"primaryImageOfPage":{"@id":"http:\/\/www.electron-tubes.cz\/en\/product\/rd-12-zmf-itk-12-1\/#primaryimage"},"image":{"@id":"http:\/\/www.electron-tubes.cz\/en\/product\/rd-12-zmf-itk-12-1\/#primaryimage"},"thumbnailUrl":"https:\/\/www.electron-tubes.cz\/wp-content\/uploads\/2021\/11\/RD-12-ZMF-b.jpg","datePublished":"2022-01-24T20:20:26+00:00","dateModified":"2022-01-25T14:17:38+00:00","breadcrumb":{"@id":"http:\/\/www.electron-tubes.cz\/en\/product\/rd-12-zmf-itk-12-1\/#breadcrumb"},"inLanguage":"en-US","potentialAction":[{"@type":"ReadAction","target":["http:\/\/www.electron-tubes.cz\/en\/product\/rd-12-zmf-itk-12-1\/"]}]},{"@type":"ImageObject","inLanguage":"en-US","@id":"http:\/\/www.electron-tubes.cz\/en\/product\/rd-12-zmf-itk-12-1\/#primaryimage","url":"https:\/\/www.electron-tubes.cz\/wp-content\/uploads\/2021\/11\/RD-12-ZMF-b.jpg","contentUrl":"https:\/\/www.electron-tubes.cz\/wp-content\/uploads\/2021\/11\/RD-12-ZMF-b.jpg","width":840,"height":1120},{"@type":"BreadcrumbList","@id":"http:\/\/www.electron-tubes.cz\/en\/product\/rd-12-zmf-itk-12-1\/#breadcrumb","itemListElement":[{"@type":"ListItem","position":1,"name":"Dom\u016f","item":"https:\/\/www.electron-tubes.cz\/en\/"},{"@type":"ListItem","position":2,"name":"Produkty","item":"https:\/\/www.electron-tubes.cz\/shop\/"},{"@type":"ListItem","position":3,"name":"RD 12 ZMF \/ ITK 12-1"}]},{"@type":"WebSite","@id":"https:\/\/www.electron-tubes.cz\/#website","url":"https:\/\/www.electron-tubes.cz\/","name":"Electron Tubes","description":"Tesla Electron Tubes - pr\u016fmyslov\u00e9 elektronky a p\u0159\u00edslu\u0161enstv\u00ed k nim","publisher":{"@id":"https:\/\/www.electron-tubes.cz\/#organization"},"potentialAction":[{"@type":"SearchAction","target":{"@type":"EntryPoint","urlTemplate":"https:\/\/www.electron-tubes.cz\/?s={search_term_string}"},"query-input":{"@type":"PropertyValueSpecification","valueRequired":true,"valueName":"search_term_string"}}],"inLanguage":"en-US"},{"@type":"Organization","@id":"https:\/\/www.electron-tubes.cz\/#organization","name":"Tesla Electrontubes s.r.o.","url":"https:\/\/www.electron-tubes.cz\/","logo":{"@type":"ImageObject","inLanguage":"en-US","@id":"https:\/\/www.electron-tubes.cz\/#\/schema\/logo\/image\/","url":"https:\/\/www.electron-tubes.cz\/wp-content\/uploads\/2022\/02\/new-logo.png","contentUrl":"https:\/\/www.electron-tubes.cz\/wp-content\/uploads\/2022\/02\/new-logo.png","width":196,"height":61,"caption":"Tesla Electrontubes s.r.o."},"image":{"@id":"https:\/\/www.electron-tubes.cz\/#\/schema\/logo\/image\/"},"sameAs":["https:\/\/www.facebook.com\/tesla.electrontubes"]}]}},"builder_content":"","_links":{"self":[{"href":"https:\/\/www.electron-tubes.cz\/en\/wp-json\/wp\/v2\/product\/402","targetHints":{"allow":["GET"]}}],"collection":[{"href":"https:\/\/www.electron-tubes.cz\/en\/wp-json\/wp\/v2\/product"}],"about":[{"href":"https:\/\/www.electron-tubes.cz\/en\/wp-json\/wp\/v2\/types\/product"}],"wp:featuredmedia":[{"embeddable":true,"href":"https:\/\/www.electron-tubes.cz\/en\/wp-json\/wp\/v2\/media\/38"}],"wp:attachment":[{"href":"https:\/\/www.electron-tubes.cz\/en\/wp-json\/wp\/v2\/media?parent=402"}],"wp:term":[{"taxonomy":"product_brand","embeddable":true,"href":"https:\/\/www.electron-tubes.cz\/en\/wp-json\/wp\/v2\/product_brand?post=402"},{"taxonomy":"product_cat","embeddable":true,"href":"https:\/\/www.electron-tubes.cz\/en\/wp-json\/wp\/v2\/product_cat?post=402"},{"taxonomy":"product_tag","embeddable":true,"href":"https:\/\/www.electron-tubes.cz\/en\/wp-json\/wp\/v2\/product_tag?post=402"}],"curies":[{"name":"wp","href":"https:\/\/api.w.org\/{rel}","templated":true}]}}