{"id":404,"date":"2022-01-24T21:20:39","date_gmt":"2022-01-24T20:20:39","guid":{"rendered":"https:\/\/www.electron-tubes.cz\/?post_type=product&#038;p=404"},"modified":"2022-01-26T00:39:24","modified_gmt":"2022-01-25T23:39:24","slug":"rd-25-xm-rs3040cl-ax3040cl","status":"publish","type":"product","link":"https:\/\/www.electron-tubes.cz\/en\/product\/rd-25-xm-rs3040cl-ax3040cl\/","title":{"rendered":"RD 25 XM \/ RS3040CL \/ AX3040CL"},"content":{"rendered":"<!--themify_builder_content-->\n<div id=\"themify_builder_content-404\" data-postid=\"404\" class=\"themify_builder_content themify_builder_content-404 themify_builder tf_clear\">\n    <\/div>\n<!--\/themify_builder_content-->","protected":false},"excerpt":{"rendered":"<p>The RD 25 XM is a forced air cooled power triode with external anode, designed in ceramic - metal technology for frequences up to 100 MHz.<\/p>\n<p>The maximum plate dissipation rating is 25 kW.<\/p>\n<p>RD 25 XM is primarily intended for use as an power oscillator in industrial generators.<\/p>\n<p><a href=\"https:\/\/www.electron-tubes.cz\/wp-content\/uploads\/2022\/01\/RD25XM-RS3040CL-TESLA.pdf\" target=\"_blank\" rel=\"noopener\">Datasheet RD25XM &#8211; RS3040CL (TESLA)<\/a><\/p>","protected":false},"featured_media":47,"template":"","meta":[],"product_brand":[],"product_cat":[23,24],"product_tag":[],"class_list":{"0":"post-404","1":"product","2":"type-product","3":"status-publish","4":"has-post-thumbnail","6":"product_cat-elektronky","7":"product_cat-prumyslove-elektronky","8":"has-post-title","9":"has-post-date","10":"has-post-category","11":"has-post-tag","12":"has-post-comment","13":"has-post-author","14":"","16":"first","17":"onbackorder","18":"virtual","19":"purchasable","20":"product-type-simple"},"yoast_head":"<!-- This site is optimized with the Yoast SEO plugin v27.6 - https:\/\/yoast.com\/product\/yoast-seo-wordpress\/ -->\n<title>RD 25 XM \/ RS3040CL \/ AX3040CL - Electron Tubes<\/title>\n<meta name=\"robots\" content=\"index, follow, max-snippet:-1, max-image-preview:large, max-video-preview:-1\" \/>\n<link rel=\"canonical\" href=\"https:\/\/www.electron-tubes.cz\/en\/product\/rd-25-xm-rs3040cl-ax3040cl\/\" \/>\n<meta property=\"og:locale\" content=\"en_US\" \/>\n<meta property=\"og:type\" content=\"article\" \/>\n<meta property=\"og:title\" content=\"RD 25 XM \/ RS3040CL \/ AX3040CL - Electron Tubes\" \/>\n<meta property=\"og:description\" content=\"RD 25 XM je vzduchem chlazen\u00e1 v\u00fdkonov\u00e1 trioda s extern\u00ed anodou, navr\u017een\u00e1 technologi\u00ed keramika-kov pro frekvence do 100 MHz.  Maxim\u00e1ln\u00ed v\u00fdkon rozpt\u00fdlen\u00fd na anod\u011b je 25 kW.  RD 25 XM je ur\u010dena pro pou\u017eit\u00ed jako v\u00fdkonov\u00fd oscil\u00e1tor v pr\u016fmyslov\u00fdch gener\u00e1torech.  Datasheet RD25XM - RS3040CL (TESLA)\" \/>\n<meta property=\"og:url\" content=\"https:\/\/www.electron-tubes.cz\/en\/product\/rd-25-xm-rs3040cl-ax3040cl\/\" \/>\n<meta property=\"og:site_name\" content=\"Electron Tubes\" \/>\n<meta property=\"article:publisher\" content=\"https:\/\/www.facebook.com\/tesla.electrontubes\" \/>\n<meta property=\"article:modified_time\" content=\"2022-01-25T23:39:24+00:00\" \/>\n<meta property=\"og:image\" content=\"https:\/\/www.electron-tubes.cz\/wp-content\/uploads\/2021\/11\/RD-25-XM.png\" \/>\n\t<meta property=\"og:image:width\" content=\"439\" \/>\n\t<meta property=\"og:image:height\" content=\"658\" \/>\n\t<meta property=\"og:image:type\" content=\"image\/png\" \/>\n<meta name=\"twitter:card\" content=\"summary_large_image\" \/>\n<script type=\"application\/ld+json\" class=\"yoast-schema-graph\">{\"@context\":\"https:\\\/\\\/schema.org\",\"@graph\":[{\"@type\":\"WebPage\",\"@id\":\"https:\\\/\\\/www.electron-tubes.cz\\\/en\\\/product\\\/rd-25-xm-rs3040cl-ax3040cl\\\/\",\"url\":\"https:\\\/\\\/www.electron-tubes.cz\\\/en\\\/product\\\/rd-25-xm-rs3040cl-ax3040cl\\\/\",\"name\":\"RD 25 XM \\\/ RS3040CL \\\/ AX3040CL - Electron Tubes\",\"isPartOf\":{\"@id\":\"https:\\\/\\\/www.electron-tubes.cz\\\/#website\"},\"primaryImageOfPage\":{\"@id\":\"https:\\\/\\\/www.electron-tubes.cz\\\/en\\\/product\\\/rd-25-xm-rs3040cl-ax3040cl\\\/#primaryimage\"},\"image\":{\"@id\":\"https:\\\/\\\/www.electron-tubes.cz\\\/en\\\/product\\\/rd-25-xm-rs3040cl-ax3040cl\\\/#primaryimage\"},\"thumbnailUrl\":\"https:\\\/\\\/www.electron-tubes.cz\\\/wp-content\\\/uploads\\\/2021\\\/11\\\/RD-25-XM.png\",\"datePublished\":\"2022-01-24T20:20:39+00:00\",\"dateModified\":\"2022-01-25T23:39:24+00:00\",\"breadcrumb\":{\"@id\":\"https:\\\/\\\/www.electron-tubes.cz\\\/en\\\/product\\\/rd-25-xm-rs3040cl-ax3040cl\\\/#breadcrumb\"},\"inLanguage\":\"en-US\",\"potentialAction\":[{\"@type\":\"ReadAction\",\"target\":[\"https:\\\/\\\/www.electron-tubes.cz\\\/en\\\/product\\\/rd-25-xm-rs3040cl-ax3040cl\\\/\"]}]},{\"@type\":\"ImageObject\",\"inLanguage\":\"en-US\",\"@id\":\"https:\\\/\\\/www.electron-tubes.cz\\\/en\\\/product\\\/rd-25-xm-rs3040cl-ax3040cl\\\/#primaryimage\",\"url\":\"https:\\\/\\\/www.electron-tubes.cz\\\/wp-content\\\/uploads\\\/2021\\\/11\\\/RD-25-XM.png\",\"contentUrl\":\"https:\\\/\\\/www.electron-tubes.cz\\\/wp-content\\\/uploads\\\/2021\\\/11\\\/RD-25-XM.png\",\"width\":439,\"height\":658},{\"@type\":\"BreadcrumbList\",\"@id\":\"https:\\\/\\\/www.electron-tubes.cz\\\/en\\\/product\\\/rd-25-xm-rs3040cl-ax3040cl\\\/#breadcrumb\",\"itemListElement\":[{\"@type\":\"ListItem\",\"position\":1,\"name\":\"Dom\u016f\",\"item\":\"https:\\\/\\\/www.electron-tubes.cz\\\/en\\\/\"},{\"@type\":\"ListItem\",\"position\":2,\"name\":\"Produkty\",\"item\":\"https:\\\/\\\/www.electron-tubes.cz\\\/shop\\\/\"},{\"@type\":\"ListItem\",\"position\":3,\"name\":\"RD 25 XM \\\/ RS3040CL \\\/ AX3040CL\"}]},{\"@type\":\"WebSite\",\"@id\":\"https:\\\/\\\/www.electron-tubes.cz\\\/#website\",\"url\":\"https:\\\/\\\/www.electron-tubes.cz\\\/\",\"name\":\"Electron Tubes\",\"description\":\"Tesla Electron Tubes - pr\u016fmyslov\u00e9 elektronky a p\u0159\u00edslu\u0161enstv\u00ed k nim\",\"publisher\":{\"@id\":\"https:\\\/\\\/www.electron-tubes.cz\\\/#organization\"},\"potentialAction\":[{\"@type\":\"SearchAction\",\"target\":{\"@type\":\"EntryPoint\",\"urlTemplate\":\"https:\\\/\\\/www.electron-tubes.cz\\\/?s={search_term_string}\"},\"query-input\":{\"@type\":\"PropertyValueSpecification\",\"valueRequired\":true,\"valueName\":\"search_term_string\"}}],\"inLanguage\":\"en-US\"},{\"@type\":\"Organization\",\"@id\":\"https:\\\/\\\/www.electron-tubes.cz\\\/#organization\",\"name\":\"Tesla Electrontubes s.r.o.\",\"url\":\"https:\\\/\\\/www.electron-tubes.cz\\\/\",\"logo\":{\"@type\":\"ImageObject\",\"inLanguage\":\"en-US\",\"@id\":\"https:\\\/\\\/www.electron-tubes.cz\\\/#\\\/schema\\\/logo\\\/image\\\/\",\"url\":\"https:\\\/\\\/www.electron-tubes.cz\\\/wp-content\\\/uploads\\\/2022\\\/02\\\/new-logo.png\",\"contentUrl\":\"https:\\\/\\\/www.electron-tubes.cz\\\/wp-content\\\/uploads\\\/2022\\\/02\\\/new-logo.png\",\"width\":196,\"height\":61,\"caption\":\"Tesla Electrontubes s.r.o.\"},\"image\":{\"@id\":\"https:\\\/\\\/www.electron-tubes.cz\\\/#\\\/schema\\\/logo\\\/image\\\/\"},\"sameAs\":[\"https:\\\/\\\/www.facebook.com\\\/tesla.electrontubes\"]}]}<\/script>\n<!-- \/ Yoast SEO plugin. -->","yoast_head_json":{"title":"RD 25 XM \/ RS3040CL \/ AX3040CL - Electron Tubes","robots":{"index":"index","follow":"follow","max-snippet":"max-snippet:-1","max-image-preview":"max-image-preview:large","max-video-preview":"max-video-preview:-1"},"canonical":"https:\/\/www.electron-tubes.cz\/en\/product\/rd-25-xm-rs3040cl-ax3040cl\/","og_locale":"en_US","og_type":"article","og_title":"RD 25 XM \/ RS3040CL \/ AX3040CL - Electron Tubes","og_description":"RD 25 XM je vzduchem chlazen\u00e1 v\u00fdkonov\u00e1 trioda s extern\u00ed anodou, navr\u017een\u00e1 technologi\u00ed keramika-kov pro frekvence do 100 MHz.  Maxim\u00e1ln\u00ed v\u00fdkon rozpt\u00fdlen\u00fd na anod\u011b je 25 kW.  RD 25 XM je ur\u010dena pro pou\u017eit\u00ed jako v\u00fdkonov\u00fd oscil\u00e1tor v pr\u016fmyslov\u00fdch gener\u00e1torech.  Datasheet RD25XM - RS3040CL (TESLA)","og_url":"https:\/\/www.electron-tubes.cz\/en\/product\/rd-25-xm-rs3040cl-ax3040cl\/","og_site_name":"Electron Tubes","article_publisher":"https:\/\/www.facebook.com\/tesla.electrontubes","article_modified_time":"2022-01-25T23:39:24+00:00","og_image":[{"width":439,"height":658,"url":"https:\/\/www.electron-tubes.cz\/wp-content\/uploads\/2021\/11\/RD-25-XM.png","type":"image\/png"}],"twitter_card":"summary_large_image","schema":{"@context":"https:\/\/schema.org","@graph":[{"@type":"WebPage","@id":"https:\/\/www.electron-tubes.cz\/en\/product\/rd-25-xm-rs3040cl-ax3040cl\/","url":"https:\/\/www.electron-tubes.cz\/en\/product\/rd-25-xm-rs3040cl-ax3040cl\/","name":"RD 25 XM \/ RS3040CL \/ AX3040CL - Electron Tubes","isPartOf":{"@id":"https:\/\/www.electron-tubes.cz\/#website"},"primaryImageOfPage":{"@id":"https:\/\/www.electron-tubes.cz\/en\/product\/rd-25-xm-rs3040cl-ax3040cl\/#primaryimage"},"image":{"@id":"https:\/\/www.electron-tubes.cz\/en\/product\/rd-25-xm-rs3040cl-ax3040cl\/#primaryimage"},"thumbnailUrl":"https:\/\/www.electron-tubes.cz\/wp-content\/uploads\/2021\/11\/RD-25-XM.png","datePublished":"2022-01-24T20:20:39+00:00","dateModified":"2022-01-25T23:39:24+00:00","breadcrumb":{"@id":"https:\/\/www.electron-tubes.cz\/en\/product\/rd-25-xm-rs3040cl-ax3040cl\/#breadcrumb"},"inLanguage":"en-US","potentialAction":[{"@type":"ReadAction","target":["https:\/\/www.electron-tubes.cz\/en\/product\/rd-25-xm-rs3040cl-ax3040cl\/"]}]},{"@type":"ImageObject","inLanguage":"en-US","@id":"https:\/\/www.electron-tubes.cz\/en\/product\/rd-25-xm-rs3040cl-ax3040cl\/#primaryimage","url":"https:\/\/www.electron-tubes.cz\/wp-content\/uploads\/2021\/11\/RD-25-XM.png","contentUrl":"https:\/\/www.electron-tubes.cz\/wp-content\/uploads\/2021\/11\/RD-25-XM.png","width":439,"height":658},{"@type":"BreadcrumbList","@id":"https:\/\/www.electron-tubes.cz\/en\/product\/rd-25-xm-rs3040cl-ax3040cl\/#breadcrumb","itemListElement":[{"@type":"ListItem","position":1,"name":"Dom\u016f","item":"https:\/\/www.electron-tubes.cz\/en\/"},{"@type":"ListItem","position":2,"name":"Produkty","item":"https:\/\/www.electron-tubes.cz\/shop\/"},{"@type":"ListItem","position":3,"name":"RD 25 XM \/ RS3040CL \/ AX3040CL"}]},{"@type":"WebSite","@id":"https:\/\/www.electron-tubes.cz\/#website","url":"https:\/\/www.electron-tubes.cz\/","name":"Electron Tubes","description":"Tesla Electron Tubes - pr\u016fmyslov\u00e9 elektronky a p\u0159\u00edslu\u0161enstv\u00ed k nim","publisher":{"@id":"https:\/\/www.electron-tubes.cz\/#organization"},"potentialAction":[{"@type":"SearchAction","target":{"@type":"EntryPoint","urlTemplate":"https:\/\/www.electron-tubes.cz\/?s={search_term_string}"},"query-input":{"@type":"PropertyValueSpecification","valueRequired":true,"valueName":"search_term_string"}}],"inLanguage":"en-US"},{"@type":"Organization","@id":"https:\/\/www.electron-tubes.cz\/#organization","name":"Tesla Electrontubes s.r.o.","url":"https:\/\/www.electron-tubes.cz\/","logo":{"@type":"ImageObject","inLanguage":"en-US","@id":"https:\/\/www.electron-tubes.cz\/#\/schema\/logo\/image\/","url":"https:\/\/www.electron-tubes.cz\/wp-content\/uploads\/2022\/02\/new-logo.png","contentUrl":"https:\/\/www.electron-tubes.cz\/wp-content\/uploads\/2022\/02\/new-logo.png","width":196,"height":61,"caption":"Tesla Electrontubes s.r.o."},"image":{"@id":"https:\/\/www.electron-tubes.cz\/#\/schema\/logo\/image\/"},"sameAs":["https:\/\/www.facebook.com\/tesla.electrontubes"]}]}},"builder_content":"","_links":{"self":[{"href":"https:\/\/www.electron-tubes.cz\/en\/wp-json\/wp\/v2\/product\/404","targetHints":{"allow":["GET"]}}],"collection":[{"href":"https:\/\/www.electron-tubes.cz\/en\/wp-json\/wp\/v2\/product"}],"about":[{"href":"https:\/\/www.electron-tubes.cz\/en\/wp-json\/wp\/v2\/types\/product"}],"wp:featuredmedia":[{"embeddable":true,"href":"https:\/\/www.electron-tubes.cz\/en\/wp-json\/wp\/v2\/media\/47"}],"wp:attachment":[{"href":"https:\/\/www.electron-tubes.cz\/en\/wp-json\/wp\/v2\/media?parent=404"}],"wp:term":[{"taxonomy":"product_brand","embeddable":true,"href":"https:\/\/www.electron-tubes.cz\/en\/wp-json\/wp\/v2\/product_brand?post=404"},{"taxonomy":"product_cat","embeddable":true,"href":"https:\/\/www.electron-tubes.cz\/en\/wp-json\/wp\/v2\/product_cat?post=404"},{"taxonomy":"product_tag","embeddable":true,"href":"https:\/\/www.electron-tubes.cz\/en\/wp-json\/wp\/v2\/product_tag?post=404"}],"curies":[{"name":"wp","href":"https:\/\/api.w.org\/{rel}","templated":true}]}}