{"id":437,"date":"2022-01-24T22:44:17","date_gmt":"2022-01-24T21:44:17","guid":{"rendered":"https:\/\/www.electron-tubes.cz\/?post_type=product&#038;p=437"},"modified":"2022-01-26T00:37:43","modified_gmt":"2022-01-25T23:37:43","slug":"anody","status":"publish","type":"product","link":"https:\/\/www.electron-tubes.cz\/en\/product\/anody\/","title":{"rendered":"Sacrificial anodes"},"content":{"rendered":"<!--themify_builder_content-->\n<div id=\"themify_builder_content-437\" data-postid=\"437\" class=\"themify_builder_content themify_builder_content-437 themify_builder tf_clear\">\n    <\/div>\n<!--\/themify_builder_content-->","protected":false},"excerpt":{"rendered":"<p>P\u0159ipojiteln\u00e9 ob\u011btn\u00ed anody shroma\u017e\u010fuj\u00edc\u00ed nabit\u00e9 ionty v chladic\u00ed kapalin\u011b, kter\u00e9 se &#8222;ob\u011btuj\u00ed&#8220; nam\u00edsto po\u0161kozen\u00ed trubice.<br \/>\nUsable for RS3021CJ, RS2048CJ electron tubes.<br \/>\nWe produce two types of hoses for RS2048CJ .<\/p>\n<p><a href=\"https:\/\/www.electron-tubes.cz\/wp-content\/uploads\/2022\/01\/3195-9008-OA-02-RS3021CJ-KIT-TESLA.pdf\" target=\"_blank\" rel=\"noopener\">Datasheet 3195 9008 OA 02 &#8211; RS3021CJ KIT (TESLA)<\/a><\/p>\n<p><a href=\"https:\/\/www.electron-tubes.cz\/wp-content\/uploads\/2022\/01\/3264-9088-OA-04-wider-nozzle-RS2048CJ-KIT-TESLA-ENG.pdf\" target=\"_blank\" rel=\"noopener\">Datasheet 3264 9088 OA 04 (wider nozzle) &#8211; RS2048CJ KIT (TESLA) &#8211; ENG<\/a><\/p>\n<p><a href=\"https:\/\/www.electron-tubes.cz\/wp-content\/uploads\/2022\/01\/3264-9104-OA-03-narrower-nozzle-RS2048CJ-KIT-TESLA-ENG.pdf\" target=\"_blank\" rel=\"noopener\">Datasheet 3264 9104 OA 03 (narrower nozzle) &#8211; RS2048CJ KIT (TESLA) &#8211; ENG<\/a><\/p>","protected":false},"featured_media":441,"template":"","meta":[],"product_brand":[],"product_cat":[33,23,32],"product_tag":[],"class_list":{"0":"post-437","1":"product","2":"type-product","3":"status-publish","4":"has-post-thumbnail","6":"product_cat-anody","7":"product_cat-elektronky","8":"product_cat-prislusenstvi","9":"has-post-title","10":"has-post-date","11":"has-post-category","12":"has-post-tag","13":"has-post-comment","14":"has-post-author","15":"","17":"first","18":"onbackorder","19":"shipping-taxable","20":"purchasable","21":"product-type-variable"},"yoast_head":"<!-- This site is optimized with the Yoast SEO plugin v27.6 - https:\/\/yoast.com\/product\/yoast-seo-wordpress\/ -->\n<title>Anody - Electron Tubes<\/title>\n<meta name=\"robots\" content=\"index, follow, max-snippet:-1, max-image-preview:large, max-video-preview:-1\" \/>\n<link rel=\"canonical\" href=\"https:\/\/www.electron-tubes.cz\/en\/product\/anody\/\" \/>\n<meta property=\"og:locale\" content=\"en_US\" \/>\n<meta property=\"og:type\" content=\"article\" \/>\n<meta property=\"og:title\" content=\"Anody - Electron Tubes\" \/>\n<meta property=\"og:description\" content=\"P\u0159ipojiteln\u00e9 ob\u011btn\u00ed anody shroma\u017e\u010fuj\u00edc\u00ed nabit\u00e9 ionty v chladic\u00ed kapalin\u011b, kter\u00e9 se &quot;ob\u011btuj\u00ed&quot; nam\u00edsto po\u0161kozen\u00ed trubice. Pou\u017eiteln\u00e9 pro elektronky RS3021CJ, RS2048CJ. Vyr\u00e1b\u00edme dva typy hadic pro RS2048CJ.RD35ZM - RS3060CJ (TESLA)  Datasheet 3195 9008 OA 02 - RS3021CJ KIT (TESLA)  Datasheet 3264 9088 OA 04 (wider nozzle) - RS2048CJ KIT (TESLA) - ENG  Datasheet 3264 9104 OA 03 (narrower nozzle) - RS2048CJ KIT (TESLA) - ENG\" \/>\n<meta property=\"og:url\" content=\"https:\/\/www.electron-tubes.cz\/en\/product\/anody\/\" \/>\n<meta property=\"og:site_name\" content=\"Electron Tubes\" \/>\n<meta property=\"article:publisher\" content=\"https:\/\/www.facebook.com\/tesla.electrontubes\" \/>\n<meta property=\"article:modified_time\" content=\"2022-01-25T23:37:43+00:00\" \/>\n<meta property=\"og:image\" content=\"https:\/\/www.electron-tubes.cz\/wp-content\/uploads\/2022\/01\/Obetni-anody.jpg\" \/>\n\t<meta property=\"og:image:width\" content=\"700\" \/>\n\t<meta property=\"og:image:height\" content=\"550\" \/>\n\t<meta property=\"og:image:type\" content=\"image\/jpeg\" \/>\n<meta name=\"twitter:card\" content=\"summary_large_image\" \/>\n<script type=\"application\/ld+json\" class=\"yoast-schema-graph\">{\"@context\":\"https:\\\/\\\/schema.org\",\"@graph\":[{\"@type\":\"WebPage\",\"@id\":\"https:\\\/\\\/www.electron-tubes.cz\\\/en\\\/product\\\/anody\\\/\",\"url\":\"https:\\\/\\\/www.electron-tubes.cz\\\/en\\\/product\\\/anody\\\/\",\"name\":\"Anody - Electron Tubes\",\"isPartOf\":{\"@id\":\"https:\\\/\\\/www.electron-tubes.cz\\\/#website\"},\"primaryImageOfPage\":{\"@id\":\"https:\\\/\\\/www.electron-tubes.cz\\\/en\\\/product\\\/anody\\\/#primaryimage\"},\"image\":{\"@id\":\"https:\\\/\\\/www.electron-tubes.cz\\\/en\\\/product\\\/anody\\\/#primaryimage\"},\"thumbnailUrl\":\"https:\\\/\\\/www.electron-tubes.cz\\\/wp-content\\\/uploads\\\/2022\\\/01\\\/Obetni-anody.jpg\",\"datePublished\":\"2022-01-24T21:44:17+00:00\",\"dateModified\":\"2022-01-25T23:37:43+00:00\",\"breadcrumb\":{\"@id\":\"https:\\\/\\\/www.electron-tubes.cz\\\/en\\\/product\\\/anody\\\/#breadcrumb\"},\"inLanguage\":\"en-US\",\"potentialAction\":[{\"@type\":\"ReadAction\",\"target\":[\"https:\\\/\\\/www.electron-tubes.cz\\\/en\\\/product\\\/anody\\\/\"]}]},{\"@type\":\"ImageObject\",\"inLanguage\":\"en-US\",\"@id\":\"https:\\\/\\\/www.electron-tubes.cz\\\/en\\\/product\\\/anody\\\/#primaryimage\",\"url\":\"https:\\\/\\\/www.electron-tubes.cz\\\/wp-content\\\/uploads\\\/2022\\\/01\\\/Obetni-anody.jpg\",\"contentUrl\":\"https:\\\/\\\/www.electron-tubes.cz\\\/wp-content\\\/uploads\\\/2022\\\/01\\\/Obetni-anody.jpg\",\"width\":700,\"height\":550},{\"@type\":\"BreadcrumbList\",\"@id\":\"https:\\\/\\\/www.electron-tubes.cz\\\/en\\\/product\\\/anody\\\/#breadcrumb\",\"itemListElement\":[{\"@type\":\"ListItem\",\"position\":1,\"name\":\"Dom\u016f\",\"item\":\"https:\\\/\\\/www.electron-tubes.cz\\\/en\\\/\"},{\"@type\":\"ListItem\",\"position\":2,\"name\":\"Produkty\",\"item\":\"https:\\\/\\\/www.electron-tubes.cz\\\/shop\\\/\"},{\"@type\":\"ListItem\",\"position\":3,\"name\":\"Anody\"}]},{\"@type\":\"WebSite\",\"@id\":\"https:\\\/\\\/www.electron-tubes.cz\\\/#website\",\"url\":\"https:\\\/\\\/www.electron-tubes.cz\\\/\",\"name\":\"Electron Tubes\",\"description\":\"Tesla Electron Tubes - pr\u016fmyslov\u00e9 elektronky a p\u0159\u00edslu\u0161enstv\u00ed k nim\",\"publisher\":{\"@id\":\"https:\\\/\\\/www.electron-tubes.cz\\\/#organization\"},\"potentialAction\":[{\"@type\":\"SearchAction\",\"target\":{\"@type\":\"EntryPoint\",\"urlTemplate\":\"https:\\\/\\\/www.electron-tubes.cz\\\/?s={search_term_string}\"},\"query-input\":{\"@type\":\"PropertyValueSpecification\",\"valueRequired\":true,\"valueName\":\"search_term_string\"}}],\"inLanguage\":\"en-US\"},{\"@type\":\"Organization\",\"@id\":\"https:\\\/\\\/www.electron-tubes.cz\\\/#organization\",\"name\":\"Tesla Electrontubes s.r.o.\",\"url\":\"https:\\\/\\\/www.electron-tubes.cz\\\/\",\"logo\":{\"@type\":\"ImageObject\",\"inLanguage\":\"en-US\",\"@id\":\"https:\\\/\\\/www.electron-tubes.cz\\\/#\\\/schema\\\/logo\\\/image\\\/\",\"url\":\"https:\\\/\\\/www.electron-tubes.cz\\\/wp-content\\\/uploads\\\/2022\\\/02\\\/new-logo.png\",\"contentUrl\":\"https:\\\/\\\/www.electron-tubes.cz\\\/wp-content\\\/uploads\\\/2022\\\/02\\\/new-logo.png\",\"width\":196,\"height\":61,\"caption\":\"Tesla Electrontubes s.r.o.\"},\"image\":{\"@id\":\"https:\\\/\\\/www.electron-tubes.cz\\\/#\\\/schema\\\/logo\\\/image\\\/\"},\"sameAs\":[\"https:\\\/\\\/www.facebook.com\\\/tesla.electrontubes\"]}]}<\/script>\n<!-- \/ Yoast SEO plugin. -->","yoast_head_json":{"title":"Anody - Electron Tubes","robots":{"index":"index","follow":"follow","max-snippet":"max-snippet:-1","max-image-preview":"max-image-preview:large","max-video-preview":"max-video-preview:-1"},"canonical":"https:\/\/www.electron-tubes.cz\/en\/product\/anody\/","og_locale":"en_US","og_type":"article","og_title":"Anody - Electron Tubes","og_description":"P\u0159ipojiteln\u00e9 ob\u011btn\u00ed anody shroma\u017e\u010fuj\u00edc\u00ed nabit\u00e9 ionty v chladic\u00ed kapalin\u011b, kter\u00e9 se \"ob\u011btuj\u00ed\" nam\u00edsto po\u0161kozen\u00ed trubice. Pou\u017eiteln\u00e9 pro elektronky RS3021CJ, RS2048CJ. Vyr\u00e1b\u00edme dva typy hadic pro RS2048CJ.RD35ZM - RS3060CJ (TESLA)  Datasheet 3195 9008 OA 02 - RS3021CJ KIT (TESLA)  Datasheet 3264 9088 OA 04 (wider nozzle) - RS2048CJ KIT (TESLA) - ENG  Datasheet 3264 9104 OA 03 (narrower nozzle) - RS2048CJ KIT (TESLA) - ENG","og_url":"https:\/\/www.electron-tubes.cz\/en\/product\/anody\/","og_site_name":"Electron Tubes","article_publisher":"https:\/\/www.facebook.com\/tesla.electrontubes","article_modified_time":"2022-01-25T23:37:43+00:00","og_image":[{"width":700,"height":550,"url":"https:\/\/www.electron-tubes.cz\/wp-content\/uploads\/2022\/01\/Obetni-anody.jpg","type":"image\/jpeg"}],"twitter_card":"summary_large_image","schema":{"@context":"https:\/\/schema.org","@graph":[{"@type":"WebPage","@id":"https:\/\/www.electron-tubes.cz\/en\/product\/anody\/","url":"https:\/\/www.electron-tubes.cz\/en\/product\/anody\/","name":"Anody - Electron Tubes","isPartOf":{"@id":"https:\/\/www.electron-tubes.cz\/#website"},"primaryImageOfPage":{"@id":"https:\/\/www.electron-tubes.cz\/en\/product\/anody\/#primaryimage"},"image":{"@id":"https:\/\/www.electron-tubes.cz\/en\/product\/anody\/#primaryimage"},"thumbnailUrl":"https:\/\/www.electron-tubes.cz\/wp-content\/uploads\/2022\/01\/Obetni-anody.jpg","datePublished":"2022-01-24T21:44:17+00:00","dateModified":"2022-01-25T23:37:43+00:00","breadcrumb":{"@id":"https:\/\/www.electron-tubes.cz\/en\/product\/anody\/#breadcrumb"},"inLanguage":"en-US","potentialAction":[{"@type":"ReadAction","target":["https:\/\/www.electron-tubes.cz\/en\/product\/anody\/"]}]},{"@type":"ImageObject","inLanguage":"en-US","@id":"https:\/\/www.electron-tubes.cz\/en\/product\/anody\/#primaryimage","url":"https:\/\/www.electron-tubes.cz\/wp-content\/uploads\/2022\/01\/Obetni-anody.jpg","contentUrl":"https:\/\/www.electron-tubes.cz\/wp-content\/uploads\/2022\/01\/Obetni-anody.jpg","width":700,"height":550},{"@type":"BreadcrumbList","@id":"https:\/\/www.electron-tubes.cz\/en\/product\/anody\/#breadcrumb","itemListElement":[{"@type":"ListItem","position":1,"name":"Dom\u016f","item":"https:\/\/www.electron-tubes.cz\/en\/"},{"@type":"ListItem","position":2,"name":"Produkty","item":"https:\/\/www.electron-tubes.cz\/shop\/"},{"@type":"ListItem","position":3,"name":"Anody"}]},{"@type":"WebSite","@id":"https:\/\/www.electron-tubes.cz\/#website","url":"https:\/\/www.electron-tubes.cz\/","name":"Electron Tubes","description":"Tesla Electron Tubes - pr\u016fmyslov\u00e9 elektronky a p\u0159\u00edslu\u0161enstv\u00ed k nim","publisher":{"@id":"https:\/\/www.electron-tubes.cz\/#organization"},"potentialAction":[{"@type":"SearchAction","target":{"@type":"EntryPoint","urlTemplate":"https:\/\/www.electron-tubes.cz\/?s={search_term_string}"},"query-input":{"@type":"PropertyValueSpecification","valueRequired":true,"valueName":"search_term_string"}}],"inLanguage":"en-US"},{"@type":"Organization","@id":"https:\/\/www.electron-tubes.cz\/#organization","name":"Tesla Electrontubes s.r.o.","url":"https:\/\/www.electron-tubes.cz\/","logo":{"@type":"ImageObject","inLanguage":"en-US","@id":"https:\/\/www.electron-tubes.cz\/#\/schema\/logo\/image\/","url":"https:\/\/www.electron-tubes.cz\/wp-content\/uploads\/2022\/02\/new-logo.png","contentUrl":"https:\/\/www.electron-tubes.cz\/wp-content\/uploads\/2022\/02\/new-logo.png","width":196,"height":61,"caption":"Tesla Electrontubes s.r.o."},"image":{"@id":"https:\/\/www.electron-tubes.cz\/#\/schema\/logo\/image\/"},"sameAs":["https:\/\/www.facebook.com\/tesla.electrontubes"]}]}},"builder_content":"","_links":{"self":[{"href":"https:\/\/www.electron-tubes.cz\/en\/wp-json\/wp\/v2\/product\/437","targetHints":{"allow":["GET"]}}],"collection":[{"href":"https:\/\/www.electron-tubes.cz\/en\/wp-json\/wp\/v2\/product"}],"about":[{"href":"https:\/\/www.electron-tubes.cz\/en\/wp-json\/wp\/v2\/types\/product"}],"wp:featuredmedia":[{"embeddable":true,"href":"https:\/\/www.electron-tubes.cz\/en\/wp-json\/wp\/v2\/media\/441"}],"wp:attachment":[{"href":"https:\/\/www.electron-tubes.cz\/en\/wp-json\/wp\/v2\/media?parent=437"}],"wp:term":[{"taxonomy":"product_brand","embeddable":true,"href":"https:\/\/www.electron-tubes.cz\/en\/wp-json\/wp\/v2\/product_brand?post=437"},{"taxonomy":"product_cat","embeddable":true,"href":"https:\/\/www.electron-tubes.cz\/en\/wp-json\/wp\/v2\/product_cat?post=437"},{"taxonomy":"product_tag","embeddable":true,"href":"https:\/\/www.electron-tubes.cz\/en\/wp-json\/wp\/v2\/product_tag?post=437"}],"curies":[{"name":"wp","href":"https:\/\/api.w.org\/{rel}","templated":true}]}}